{"id":12,"date":"2015-04-12T09:46:06","date_gmt":"2015-04-12T07:46:06","guid":{"rendered":"http:\/\/recatelo.com\/gl\/?page_id=12"},"modified":"2015-04-13T04:37:14","modified_gmt":"2015-04-13T02:37:14","slug":"medicina-interna","status":"publish","type":"page","link":"https:\/\/recatelo.com\/gl\/servizos\/medicina-interna\/","title":{"rendered":"Medicina Interna"},"content":{"rendered":"<ul>\n<li>Recursos materiais e hum\u00e1ns precisos para o estudo, diagn\u00f3stico e prescripci\u00f3n de tratamentos, m\u00e9dicos o quir\u00farxicos, para as enfermidades de cans, gatos, fur\u00f3ns, coellos e outras mascotas. Sempre primando o benestar animal e respetando as necesidades e desexos dos seus propietarios.<\/li>\n<\/ul>\n","protected":false},"excerpt":{"rendered":"<p>Recursos materiais e hum\u00e1ns precisos para o estudo, diagn\u00f3stico e prescripci\u00f3n de tratamentos, m\u00e9dicos o quir\u00farxicos, para as enfermidades de cans, gatos, fur\u00f3ns, coellos e outras mascotas. Sempre primando o benestar animal e respetando as necesidades e desexos dos seus propietarios.<\/p>\n","protected":false},"author":1,"featured_media":0,"parent":8,"menu_order":0,"comment_status":"closed","ping_status":"closed","template":"template-full-width.php","meta":{"footnotes":""},"class_list":["post-12","page","type-page","status-publish","hentry"],"_links":{"self":[{"href":"https:\/\/recatelo.com\/gl\/wp-json\/wp\/v2\/pages\/12","targetHints":{"allow":["GET"]}}],"collection":[{"href":"https:\/\/recatelo.com\/gl\/wp-json\/wp\/v2\/pages"}],"about":[{"href":"https:\/\/recatelo.com\/gl\/wp-json\/wp\/v2\/types\/page"}],"author":[{"embeddable":true,"href":"https:\/\/recatelo.com\/gl\/wp-json\/wp\/v2\/users\/1"}],"replies":[{"embeddable":true,"href":"https:\/\/recatelo.com\/gl\/wp-json\/wp\/v2\/comments?post=12"}],"version-history":[{"count":1,"href":"https:\/\/recatelo.com\/gl\/wp-json\/wp\/v2\/pages\/12\/revisions"}],"predecessor-version":[{"id":13,"href":"https:\/\/recatelo.com\/gl\/wp-json\/wp\/v2\/pages\/12\/revisions\/13"}],"up":[{"embeddable":true,"href":"https:\/\/recatelo.com\/gl\/wp-json\/wp\/v2\/pages\/8"}],"wp:attachment":[{"href":"https:\/\/recatelo.com\/gl\/wp-json\/wp\/v2\/media?parent=12"}],"curies":[{"name":"wp","href":"https:\/\/api.w.org\/{rel}","templated":true}]}}