{"id":160,"date":"2015-05-03T23:53:43","date_gmt":"2015-05-03T21:53:43","guid":{"rendered":"http:\/\/recatelo.com\/gl\/?page_id=160"},"modified":"2015-05-04T20:57:36","modified_gmt":"2015-05-04T18:57:36","slug":"outros-servizos","status":"publish","type":"page","link":"https:\/\/recatelo.com\/gl\/servizos\/outros-servizos\/","title":{"rendered":"Outros Servizos"},"content":{"rendered":"<ul>\n<li>Implantaci\u00f3n de microchips e alta dos dados das mascotas no <a href=\"https:\/\/eume.xunta.es\/regiac\/\" target=_blank>REGIAC<\/a>, as\u00ed coma a apertura do Pasaporte\/Cartilla asociado, \u00fanico documento oficial v\u00e1lido para a identificaci\u00f3n e desprazamento das mascotas.<\/li>\n<li>Microchips especiais para cans de raza pequena e para mascotas ex\u00f3ticas.<\/li>\n<li>Asesoramento nos tr\u00e1mites precisos para a inscrici\u00f3n das mascota no <a href=\"http:\/\/lugo.gal\/gl\/tramites\/inscricion-no-rexistro-municipal-de-cans\" target=_blank>&#8220;Rexistro Municipal de Cans&#8221;<\/a> ou para a obtenci\u00f3n da <a href=\"http:\/\/lugo.gal\/gl\/tramites\/licenza-municipal-para-tenza-de-animais-clasificados-como-potencialmente-perigosos-e-de\" target=_blank>&#8220;Licenza Municipal para a Tenza de Animais Clasificados como Potencialmente Perigosos&#8221;<\/a> e a s\u00faa inscrici\u00f3n no rexistro Municipal segundo cada caso.<\/li>\n<li>Actuaci\u00f3ns coma peritos de parte en situaci\u00f3ns de denuncias e elaboraci\u00f3n de informes sanitarios para compa\u00f1\u00edas de seguros.<\/li>\n<li>Certificados para viaxar con mascotas por territorio europeo e para traslados a outros paises con requisitos especiais.<\/li>\n<li>Elaboraci\u00f3n de &#8220;Informes T\u00e9cnicos Zoosanitarios&#8221; para acadar a licenza de &#8220;N\u00facleo Zool\u00f3xico&#8221;.<\/li>\n<\/ul>\n","protected":false},"excerpt":{"rendered":"<p>Implantaci\u00f3n de microchips e alta dos dados das mascotas no REGIAC, as\u00ed coma a apertura do Pasaporte\/Cartilla asociado, \u00fanico documento oficial v\u00e1lido para a identificaci\u00f3n e desprazamento das mascotas. Microchips especiais para cans de raza pequena e para mascotas ex\u00f3ticas. Asesoramento nos tr\u00e1mites precisos para a inscrici\u00f3n das mascota no &#8220;Rexistro Municipal de Cans&#8221; ou<br \/><a class=\"moretag\" href=\"https:\/\/recatelo.com\/gl\/servizos\/outros-servizos\/\">+ Read More<\/a><\/p>\n","protected":false},"author":1,"featured_media":0,"parent":8,"menu_order":0,"comment_status":"closed","ping_status":"closed","template":"template-full-width.php","meta":{"footnotes":""},"class_list":["post-160","page","type-page","status-publish","hentry"],"_links":{"self":[{"href":"https:\/\/recatelo.com\/gl\/wp-json\/wp\/v2\/pages\/160","targetHints":{"allow":["GET"]}}],"collection":[{"href":"https:\/\/recatelo.com\/gl\/wp-json\/wp\/v2\/pages"}],"about":[{"href":"https:\/\/recatelo.com\/gl\/wp-json\/wp\/v2\/types\/page"}],"author":[{"embeddable":true,"href":"https:\/\/recatelo.com\/gl\/wp-json\/wp\/v2\/users\/1"}],"replies":[{"embeddable":true,"href":"https:\/\/recatelo.com\/gl\/wp-json\/wp\/v2\/comments?post=160"}],"version-history":[{"count":5,"href":"https:\/\/recatelo.com\/gl\/wp-json\/wp\/v2\/pages\/160\/revisions"}],"predecessor-version":[{"id":169,"href":"https:\/\/recatelo.com\/gl\/wp-json\/wp\/v2\/pages\/160\/revisions\/169"}],"up":[{"embeddable":true,"href":"https:\/\/recatelo.com\/gl\/wp-json\/wp\/v2\/pages\/8"}],"wp:attachment":[{"href":"https:\/\/recatelo.com\/gl\/wp-json\/wp\/v2\/media?parent=160"}],"curies":[{"name":"wp","href":"https:\/\/api.w.org\/{rel}","templated":true}]}}