{"id":18,"date":"2015-04-12T09:51:25","date_gmt":"2015-04-12T07:51:25","guid":{"rendered":"http:\/\/recatelo.com\/gl\/?page_id=18"},"modified":"2018-01-27T23:23:17","modified_gmt":"2018-01-27T21:23:17","slug":"diagnostico-por-imaxe","status":"publish","type":"page","link":"https:\/\/recatelo.com\/gl\/servizos\/diagnostico-por-imaxe\/","title":{"rendered":"Diagn\u00f3stico por Imaxe"},"content":{"rendered":"<p><img fetchpriority=\"high\" decoding=\"async\" class=\" size-medium wp-image-182 alignleft\" src=\"https:\/\/recatelo.com\/wp-content\/uploads\/2015\/04\/imax-300x273.png\" alt=\"imax\" width=\"300\" height=\"273\" \/><\/p>\n<div class=\"content-area\">\n<ul>\n<li>Radiografias dixitais: simples e de contraste urol\u00f3xicas e dixestivo.<\/li>\n<li>Radiograf\u00edas dixitais oficiais de diagn\u00f3stico e seguemento de displasia de cadera e c\u00f3bado.<\/li>\n<li>Ecograf\u00eda abdominal.<\/li>\n<li>Ecograf\u00eda doppler.<\/li>\n<li>Ecocardiograf\u00eda.<\/li>\n<li>Diagn\u00f3stico e seguemento da xestaci\u00f3n en cadela, gatas e coellas.<\/li>\n<li>Servidor local para a xesti\u00f3n de imaxes DICOM.<\/li>\n<\/ul>\n<\/div>\n","protected":false},"excerpt":{"rendered":"<p>Radiografias dixitais: simples e de contraste urol\u00f3xicas e dixestivo. Radiograf\u00edas dixitais oficiais de diagn\u00f3stico e seguemento de displasia de cadera e c\u00f3bado. Ecograf\u00eda abdominal. Ecograf\u00eda doppler. Ecocardiograf\u00eda. Diagn\u00f3stico e seguemento da xestaci\u00f3n en cadela, gatas e coellas. Servidor local para a xesti\u00f3n de imaxes DICOM.<\/p>\n","protected":false},"author":1,"featured_media":0,"parent":8,"menu_order":0,"comment_status":"closed","ping_status":"closed","template":"template-full-width.php","meta":{"footnotes":""},"class_list":["post-18","page","type-page","status-publish","hentry"],"_links":{"self":[{"href":"https:\/\/recatelo.com\/gl\/wp-json\/wp\/v2\/pages\/18","targetHints":{"allow":["GET"]}}],"collection":[{"href":"https:\/\/recatelo.com\/gl\/wp-json\/wp\/v2\/pages"}],"about":[{"href":"https:\/\/recatelo.com\/gl\/wp-json\/wp\/v2\/types\/page"}],"author":[{"embeddable":true,"href":"https:\/\/recatelo.com\/gl\/wp-json\/wp\/v2\/users\/1"}],"replies":[{"embeddable":true,"href":"https:\/\/recatelo.com\/gl\/wp-json\/wp\/v2\/comments?post=18"}],"version-history":[{"count":11,"href":"https:\/\/recatelo.com\/gl\/wp-json\/wp\/v2\/pages\/18\/revisions"}],"predecessor-version":[{"id":198,"href":"https:\/\/recatelo.com\/gl\/wp-json\/wp\/v2\/pages\/18\/revisions\/198"}],"up":[{"embeddable":true,"href":"https:\/\/recatelo.com\/gl\/wp-json\/wp\/v2\/pages\/8"}],"wp:attachment":[{"href":"https:\/\/recatelo.com\/gl\/wp-json\/wp\/v2\/media?parent=18"}],"curies":[{"name":"wp","href":"https:\/\/api.w.org\/{rel}","templated":true}]}}