{"id":28,"date":"2015-04-12T10:00:16","date_gmt":"2015-04-12T08:00:16","guid":{"rendered":"http:\/\/recatelo.com\/gl\/?page_id=28"},"modified":"2018-01-27T22:35:59","modified_gmt":"2018-01-27T20:35:59","slug":"exoticos","status":"publish","type":"page","link":"https:\/\/recatelo.com\/gl\/servizos\/exoticos\/","title":{"rendered":"Ex\u00f3ticos"},"content":{"rendered":"<p><img fetchpriority=\"high\" decoding=\"async\" class=\"alignleft size-medium wp-image-135\" src=\"https:\/\/recatelo.com\/wp-content\/uploads\/2015\/04\/exotic_dent-300x225.jpg\" alt=\"exotic_dent\" width=\"300\" height=\"225\" \/><\/p>\n<div class=\"content-area\">\n<ul>\n<li>Experiencia no manexo, formaci\u00f3n te\u00f3rica actualizada, materiais e equipamento espec\u00edfico para tratar problemas dentais de roedores, sedar e manexar grandes aves ou rept\u00eds.<\/li>\n<li>Orientaci\u00f3n ao propietario sobre manexo, nutrici\u00f3n, prevenci\u00f3n, vacinas e desparasitaci\u00f3ns ou tratamentos m\u00e9dico-cir\u00farxicos.<\/li>\n<\/ul>\n<\/div>\n","protected":false},"excerpt":{"rendered":"<p>Experiencia no manexo, formaci\u00f3n te\u00f3rica actualizada, materiais e equipamento espec\u00edfico para tratar problemas dentais de roedores, sedar e manexar grandes aves ou rept\u00eds. Orientaci\u00f3n ao propietario sobre manexo, nutrici\u00f3n, prevenci\u00f3n, vacinas e desparasitaci\u00f3ns ou tratamentos m\u00e9dico-cir\u00farxicos.<\/p>\n","protected":false},"author":1,"featured_media":0,"parent":8,"menu_order":0,"comment_status":"closed","ping_status":"closed","template":"template-full-width.php","meta":{"footnotes":""},"class_list":["post-28","page","type-page","status-publish","hentry"],"_links":{"self":[{"href":"https:\/\/recatelo.com\/gl\/wp-json\/wp\/v2\/pages\/28","targetHints":{"allow":["GET"]}}],"collection":[{"href":"https:\/\/recatelo.com\/gl\/wp-json\/wp\/v2\/pages"}],"about":[{"href":"https:\/\/recatelo.com\/gl\/wp-json\/wp\/v2\/types\/page"}],"author":[{"embeddable":true,"href":"https:\/\/recatelo.com\/gl\/wp-json\/wp\/v2\/users\/1"}],"replies":[{"embeddable":true,"href":"https:\/\/recatelo.com\/gl\/wp-json\/wp\/v2\/comments?post=28"}],"version-history":[{"count":7,"href":"https:\/\/recatelo.com\/gl\/wp-json\/wp\/v2\/pages\/28\/revisions"}],"predecessor-version":[{"id":196,"href":"https:\/\/recatelo.com\/gl\/wp-json\/wp\/v2\/pages\/28\/revisions\/196"}],"up":[{"embeddable":true,"href":"https:\/\/recatelo.com\/gl\/wp-json\/wp\/v2\/pages\/8"}],"wp:attachment":[{"href":"https:\/\/recatelo.com\/gl\/wp-json\/wp\/v2\/media?parent=28"}],"curies":[{"name":"wp","href":"https:\/\/api.w.org\/{rel}","templated":true}]}}