{"id":6,"date":"2015-04-12T09:39:52","date_gmt":"2015-04-12T07:39:52","guid":{"rendered":"http:\/\/recatelo.com\/gl\/?page_id=6"},"modified":"2025-02-06T22:52:37","modified_gmt":"2025-02-06T20:52:37","slug":"contacto","status":"publish","type":"page","link":"https:\/\/recatelo.com\/gl\/contacto\/","title":{"rendered":""},"content":{"rendered":"\t\t<div data-elementor-type=\"wp-page\" data-elementor-id=\"6\" class=\"elementor elementor-6\">\n\t\t\t\t<div class=\"elementor-element elementor-element-352558b e-flex e-con-boxed e-con e-parent\" data-id=\"352558b\" data-element_type=\"container\" data-e-type=\"container\">\n\t\t\t\t\t<div class=\"e-con-inner\">\n\t\t\t\t<div class=\"elementor-element elementor-element-e5dfe31 elementor-widget elementor-widget-heading\" data-id=\"e5dfe31\" data-element_type=\"widget\" data-e-type=\"widget\" data-widget_type=\"heading.default\">\n\t\t\t\t<div class=\"elementor-widget-container\">\n\t\t\t\t\t<h3 class=\"elementor-heading-title elementor-size-default\">Informaci\u00f3n de contacto - Cl\u00ednica Veterinaria Recatelo<\/h3>\t\t\t\t<\/div>\n\t\t\t\t<\/div>\n\t\t\t\t\t<\/div>\n\t\t\t\t<\/div>\n\t\t<div class=\"elementor-element elementor-element-78613a15 e-flex e-con-boxed e-con e-parent\" data-id=\"78613a15\" data-element_type=\"container\" data-e-type=\"container\">\n\t\t\t\t\t<div class=\"e-con-inner\">\n\t\t<div class=\"elementor-element elementor-element-8ac7590 e-con-full e-flex e-con e-child\" data-id=\"8ac7590\" data-element_type=\"container\" data-e-type=\"container\">\n\t\t<div class=\"elementor-element elementor-element-645f2d6 e-con-full e-flex e-con e-child\" data-id=\"645f2d6\" data-element_type=\"container\" data-e-type=\"container\">\n\t\t\t\t<div class=\"elementor-element elementor-element-5adfc87 elementor-widget elementor-widget-text-editor\" data-id=\"5adfc87\" data-element_type=\"widget\" data-e-type=\"widget\" data-widget_type=\"text-editor.default\">\n\t\t\t\t<div class=\"elementor-widget-container\">\n\t\t\t\t\t\t\t\t\t<h2>Horario de atenci\u00f3n<\/h2>\t\t\t\t\t\t\t\t<\/div>\n\t\t\t\t<\/div>\n\t\t\t\t<\/div>\n\t\t<div class=\"elementor-element elementor-element-06b623c e-con-full e-flex e-con e-child\" data-id=\"06b623c\" data-element_type=\"container\" data-e-type=\"container\">\n\t\t\t\t<div class=\"elementor-element elementor-element-de4ed7a elementor-widget__width-initial elementor-widget elementor-widget-text-editor\" data-id=\"de4ed7a\" data-element_type=\"widget\" data-e-type=\"widget\" data-widget_type=\"text-editor.default\">\n\t\t\t\t<div class=\"elementor-widget-container\">\n\t\t\t\t\t\t\t\t\t<h2>Ubicaci\u00f3n<\/h2>\t\t\t\t\t\t\t\t<\/div>\n\t\t\t\t<\/div>\n\t\t\t\t<\/div>\n\t\t\t\t<\/div>\n\t\t\t\t\t<\/div>\n\t\t\t\t<\/div>\n\t\t<div class=\"elementor-element elementor-element-b5a78a2 e-flex e-con-boxed e-con e-parent\" data-id=\"b5a78a2\" data-element_type=\"container\" data-e-type=\"container\">\n\t\t\t\t\t<div class=\"e-con-inner\">\n\t\t<div class=\"elementor-element elementor-element-0d9f54d e-con-full e-flex e-con e-child\" data-id=\"0d9f54d\" data-element_type=\"container\" data-e-type=\"container\">\n\t\t<div class=\"elementor-element elementor-element-7062a43 e-con-full e-flex e-con e-child\" data-id=\"7062a43\" data-element_type=\"container\" data-e-type=\"container\">\n\t\t\t\t<div class=\"elementor-element elementor-element-d3e7d10 elementor-widget__width-initial elementor-widget elementor-widget-text-editor\" data-id=\"d3e7d10\" data-element_type=\"widget\" data-e-type=\"widget\" data-widget_type=\"text-editor.default\">\n\t\t\t\t<div class=\"elementor-widget-container\">\n\t\t\t\t\t\t\t\t\t<p>\u00a0<\/p><p><strong>Cita Previa<\/strong><\/p><p>De luns a venres horario continuo:<\/p><p><strong>De 10:00h a 18:00h<\/strong><\/p><p>S\u00e1bados consultar :<\/p><p><strong>Tel\u00e9fono: <a href=\"tel:+34982252545\">982 25 25 45<\/a><\/strong><\/p><div>\u00a0<\/div><div>Aparcadoito gratu\u00edto para clientes no\u00a0 <a href=\"https:\/\/www.parkingramonferreiro.es\/\">Parking Ram\u00f3n Ferreiro<\/a><\/div><div>\u00a0<\/div><div>\u00a0<\/div>\t\t\t\t\t\t\t\t<\/div>\n\t\t\t\t<\/div>\n\t\t\t\t<\/div>\n\t\t<div class=\"elementor-element elementor-element-c1726de e-con-full e-flex e-con e-child\" data-id=\"c1726de\" data-element_type=\"container\" data-e-type=\"container\">\n\t\t\t\t<div class=\"elementor-element elementor-element-6dfb9c4 elementor-widget__width-initial elementor-widget elementor-widget-shortcode\" data-id=\"6dfb9c4\" data-element_type=\"widget\" data-e-type=\"widget\" data-widget_type=\"shortcode.default\">\n\t\t\t\t<div class=\"elementor-widget-container\">\n\t\t\t\t\t\n\n\t\t<div class=\"elementor-shortcode\">\n        <div id=\"map_ol3js_1\"\n       class=\"osm-map-container undefined\"\n             data-map_name=\"undefined\"\n             data-map=\"map_ol3js_1\"\n             style=\"width:100%;\n                    max-width:100%;\n                    height:400px;\n                    display:block;\n                    overflow:hidden;\n                    border:2px solid grey;\n                    background-image: url(https:\/\/recatelo.com\/gl\/wp-content\/plugins\/osm\/GDPR_bckgrnd.png);\n                    background-repeat: no-repeat;\n                    background-position: center;\n                    position: relative;\">\n          <div id=\"map_ol3js_1_popup\" class=\"ol-popup\">\n            <a href=\"#\" id=\"map_ol3js_1_popup-closer\" class=\"ol-popup-closer\"><\/a>\n            <div id=\"map_ol3js_1_popup-content\"><\/div>\n          <\/div>\n        <\/div>\n    \n\n\t\t\t\t<script type=\"text\/javascript\">\n\t\t\t\t\ttranslations['openlayer'] = \"open layer\";\n\t\t\t\t\ttranslations['openlayerAtStartup'] = \"open layer at startup\";\n\t\t\t\t\ttranslations['generateLink'] = \"link to this map with opened layers\";\n\t\t\t\t\ttranslations['shortDescription'] = \"short description\";\n\t\t\t\t\ttranslations['generatedShortCode'] = \"to get a text control link paste this code in your wordpress editor\";\n\t\t\t\t\ttranslations['closeLayer'] = \"close layer\";\n\t\t\t\t\ttranslations['cantGenerateLink'] = \"put this string in the existing map short code to control this map\";\n\t\t\t  <\/script>\n\n\n\t\t\t  <script type=\"text\/javascript\">\n\t\t\t  vectorM['map_ol3js_1'] = [];\n\t        \n        var raster = getTileLayer(\"osm\",\"NoKey\");\t\t\t\n\n\t\t\t  var map_ol3js_1 = new ol.Map({\n\t\t\t\tinteractions: ol.interaction.defaults.defaults({mouseWheelZoom:false}),\n\t\t\t\tlayers: [raster],\n\t\t\t\ttarget: \"map_ol3js_1\",\n\t\t\t\tview: new ol.View({\n\t\t\t\t  center: ol.proj.transform([-7.5578,43.0081], \"EPSG:4326\", \"EPSG:3857\"),\n\t\t\t\t  zoom: 19.0\n\t\t\t\t})\n\t\t\t  });\n\t\t\t  addControls2Map(map_ol3js_1,0,0,3,0,5,6,7,0,1);\nosm_addPopupClickhandler(map_ol3js_1,  \"map_ol3js_1\"); \nosm_addMouseHover(map_ol3js_1); <\/script><\/div>\n\t\t\t\t\t\t<\/div>\n\t\t\t\t<\/div>\n\t\t\t\t<\/div>\n\t\t\t\t<\/div>\n\t\t\t\t\t<\/div>\n\t\t\t\t<\/div>\n\t\t\t\t<\/div>\n\t\t","protected":false},"excerpt":{"rendered":"<p>Informaci\u00f3n de contacto &#8211; Cl\u00ednica Veterinaria Recatelo Horario de atenci\u00f3n Ubicaci\u00f3n \u00a0 Cita Previa De luns a venres horario continuo: De 10:00h a 18:00h S\u00e1bados consultar : Tel\u00e9fono: 982 25 25 45 \u00a0Aparcadoito gratu\u00edto para clientes no\u00a0 Parking Ram\u00f3n Ferreiro\u00a0\u00a0<\/p>\n","protected":false},"author":1,"featured_media":0,"parent":0,"menu_order":0,"comment_status":"closed","ping_status":"closed","template":"","meta":{"footnotes":""},"class_list":["post-6","page","type-page","status-publish","hentry"],"_links":{"self":[{"href":"https:\/\/recatelo.com\/gl\/wp-json\/wp\/v2\/pages\/6","targetHints":{"allow":["GET"]}}],"collection":[{"href":"https:\/\/recatelo.com\/gl\/wp-json\/wp\/v2\/pages"}],"about":[{"href":"https:\/\/recatelo.com\/gl\/wp-json\/wp\/v2\/types\/page"}],"author":[{"embeddable":true,"href":"https:\/\/recatelo.com\/gl\/wp-json\/wp\/v2\/users\/1"}],"replies":[{"embeddable":true,"href":"https:\/\/recatelo.com\/gl\/wp-json\/wp\/v2\/comments?post=6"}],"version-history":[{"count":21,"href":"https:\/\/recatelo.com\/gl\/wp-json\/wp\/v2\/pages\/6\/revisions"}],"predecessor-version":[{"id":882,"href":"https:\/\/recatelo.com\/gl\/wp-json\/wp\/v2\/pages\/6\/revisions\/882"}],"wp:attachment":[{"href":"https:\/\/recatelo.com\/gl\/wp-json\/wp\/v2\/media?parent=6"}],"curies":[{"name":"wp","href":"https:\/\/api.w.org\/{rel}","templated":true}]}}